{"id":512,"date":"2018-02-14T12:43:46","date_gmt":"2018-02-14T11:43:46","guid":{"rendered":"http:\/\/camping-bidarray.fr\/english\/?page_id=512"},"modified":"2023-11-03T11:54:33","modified_gmt":"2023-11-03T10:54:33","slug":"mentions-legales","status":"publish","type":"page","link":"https:\/\/camping-bidarray.fr\/english\/mentions-legales\/","title":{"rendered":"Mentions l\u00e9gales"},"content":{"rendered":"<h3><strong>SARL PAYS BASQUE EAUX VIVES<\/strong><\/h3>\n<p>enseignes UR BIZIA RAFTING &amp; CAMPING AMESTOYA<\/p>\n<p>Si\u00e8ge social : 35 Lardapideko bidea<\/p>\n<p>64780 BIDARRAY (France)<\/p>\n<p>T\u00e9l\u00e9phone : 05 59 37 72 37 \u2013 06 07 85 04 38<\/p>\n<p>RCS Bayonne B 383 093 713 au capital de 55 000 euros<\/p>\n<p>G\u00e9rant : Lionel ROSSIGNOL<\/p>\n<p>H\u00e9bergeur Site Web : Soci\u00e9t\u00e9 SAS OVH<\/p>\n<p>2 rue Kellermann \u2013 BP 80157 \u2013 59100 ROUBAIX CEDEX 1<\/p>\n<p>RCS : Roubaix-Tourcoing 424 761 419<\/p>\n<p><a class=\"grouped_elements\" title=\"CNIL\" href=\"https:\/\/www.ur-bizia.com\/wp-content\/uploads\/sites\/8\/2014\/01\/CNIL.gif\" rel=\"tc-fancybox-group512\"><img decoding=\"async\" class=\"aligncenter size-full wp-image-1031\" src=\"https:\/\/www.ur-bizia.com\/wp-content\/uploads\/sites\/8\/2014\/01\/CNIL.gif\" alt=\"CNIL\" width=\"160\" height=\"28\" \/><\/a>PAYS BASQUE EAUX VIVES a fait l\u2019objet d\u2019une d\u00e9claration aupr\u00e8s de la Commission Nationale de l\u2019Informatique et des Libert\u00e9s (<strong>CNIL<\/strong>), sous le num\u00e9ro <strong>1736256<\/strong>.<\/p>\n<p>Cr\u00e9dit photos : UR BIZIA, Nathalie CAMIDEBACH<\/p>\n","protected":false},"excerpt":{"rendered":"<p>SARL PAYS BASQUE EAUX VIVES enseignes UR BIZIA RAFTING &amp;  [&#8230;]<\/p>\n","protected":false},"author":3,"featured_media":0,"parent":0,"menu_order":0,"comment_status":"closed","ping_status":"closed","template":"","meta":{"footnotes":""},"class_list":["post-512","page","type-page","status-publish","hentry"],"yoast_head":"<!-- This site is optimized with the Yoast SEO plugin v26.9 - https:\/\/yoast.com\/product\/yoast-seo-wordpress\/ -->\n<title>Mentions l\u00e9gales - Camping Bidarray english<\/title>\n<meta name=\"robots\" content=\"index, follow, max-snippet:-1, max-image-preview:large, max-video-preview:-1\" \/>\n<link rel=\"canonical\" href=\"https:\/\/camping-bidarray.fr\/english\/mentions-legales\/\" \/>\n<meta property=\"og:locale\" content=\"en_US\" \/>\n<meta property=\"og:type\" content=\"article\" \/>\n<meta property=\"og:title\" content=\"Mentions l\u00e9gales - Camping Bidarray english\" \/>\n<meta property=\"og:description\" content=\"SARL PAYS BASQUE EAUX VIVES enseignes UR BIZIA RAFTING &amp; [...]\" \/>\n<meta property=\"og:url\" content=\"https:\/\/camping-bidarray.fr\/english\/mentions-legales\/\" \/>\n<meta property=\"og:site_name\" content=\"Camping Bidarray english\" \/>\n<meta property=\"article:publisher\" content=\"https:\/\/www.facebook.com\/Camping-Amestoya-1669309003340646\/\" \/>\n<meta property=\"article:modified_time\" content=\"2023-11-03T10:54:33+00:00\" \/>\n<meta property=\"og:image\" content=\"https:\/\/www.ur-bizia.com\/wp-content\/uploads\/sites\/8\/2014\/01\/CNIL.gif\" \/>\n<meta name=\"twitter:card\" content=\"summary_large_image\" \/>\n<meta name=\"twitter:label1\" content=\"Est. reading time\" \/>\n\t<meta name=\"twitter:data1\" content=\"1 minute\" \/>\n<script type=\"application\/ld+json\" class=\"yoast-schema-graph\">{\"@context\":\"https:\/\/schema.org\",\"@graph\":[{\"@type\":\"WebPage\",\"@id\":\"https:\/\/camping-bidarray.fr\/english\/mentions-legales\/\",\"url\":\"https:\/\/camping-bidarray.fr\/english\/mentions-legales\/\",\"name\":\"Mentions l\u00e9gales - Camping Bidarray english\",\"isPartOf\":{\"@id\":\"https:\/\/camping-bidarray.fr\/english\/#website\"},\"primaryImageOfPage\":{\"@id\":\"https:\/\/camping-bidarray.fr\/english\/mentions-legales\/#primaryimage\"},\"image\":{\"@id\":\"https:\/\/camping-bidarray.fr\/english\/mentions-legales\/#primaryimage\"},\"thumbnailUrl\":\"https:\/\/www.ur-bizia.com\/wp-content\/uploads\/sites\/8\/2014\/01\/CNIL.gif\",\"datePublished\":\"2018-02-14T11:43:46+00:00\",\"dateModified\":\"2023-11-03T10:54:33+00:00\",\"breadcrumb\":{\"@id\":\"https:\/\/camping-bidarray.fr\/english\/mentions-legales\/#breadcrumb\"},\"inLanguage\":\"en-US\",\"potentialAction\":[{\"@type\":\"ReadAction\",\"target\":[\"https:\/\/camping-bidarray.fr\/english\/mentions-legales\/\"]}]},{\"@type\":\"ImageObject\",\"inLanguage\":\"en-US\",\"@id\":\"https:\/\/camping-bidarray.fr\/english\/mentions-legales\/#primaryimage\",\"url\":\"https:\/\/www.ur-bizia.com\/wp-content\/uploads\/sites\/8\/2014\/01\/CNIL.gif\",\"contentUrl\":\"https:\/\/www.ur-bizia.com\/wp-content\/uploads\/sites\/8\/2014\/01\/CNIL.gif\"},{\"@type\":\"BreadcrumbList\",\"@id\":\"https:\/\/camping-bidarray.fr\/english\/mentions-legales\/#breadcrumb\",\"itemListElement\":[{\"@type\":\"ListItem\",\"position\":1,\"name\":\"Accueil\",\"item\":\"https:\/\/camping-bidarray.fr\/english\/\"},{\"@type\":\"ListItem\",\"position\":2,\"name\":\"Mentions l\u00e9gales\"}]},{\"@type\":\"WebSite\",\"@id\":\"https:\/\/camping-bidarray.fr\/english\/#website\",\"url\":\"https:\/\/camping-bidarray.fr\/english\/\",\"name\":\"Camping Bidarray english\",\"description\":\"\",\"potentialAction\":[{\"@type\":\"SearchAction\",\"target\":{\"@type\":\"EntryPoint\",\"urlTemplate\":\"https:\/\/camping-bidarray.fr\/english\/?s={search_term_string}\"},\"query-input\":{\"@type\":\"PropertyValueSpecification\",\"valueRequired\":true,\"valueName\":\"search_term_string\"}}],\"inLanguage\":\"en-US\"}]}<\/script>\n<!-- \/ Yoast SEO plugin. -->","yoast_head_json":{"title":"Mentions l\u00e9gales - Camping Bidarray english","robots":{"index":"index","follow":"follow","max-snippet":"max-snippet:-1","max-image-preview":"max-image-preview:large","max-video-preview":"max-video-preview:-1"},"canonical":"https:\/\/camping-bidarray.fr\/english\/mentions-legales\/","og_locale":"en_US","og_type":"article","og_title":"Mentions l\u00e9gales - Camping Bidarray english","og_description":"SARL PAYS BASQUE EAUX VIVES enseignes UR BIZIA RAFTING &amp; [...]","og_url":"https:\/\/camping-bidarray.fr\/english\/mentions-legales\/","og_site_name":"Camping Bidarray english","article_publisher":"https:\/\/www.facebook.com\/Camping-Amestoya-1669309003340646\/","article_modified_time":"2023-11-03T10:54:33+00:00","og_image":[{"url":"https:\/\/www.ur-bizia.com\/wp-content\/uploads\/sites\/8\/2014\/01\/CNIL.gif","type":"","width":"","height":""}],"twitter_card":"summary_large_image","twitter_misc":{"Est. reading time":"1 minute"},"schema":{"@context":"https:\/\/schema.org","@graph":[{"@type":"WebPage","@id":"https:\/\/camping-bidarray.fr\/english\/mentions-legales\/","url":"https:\/\/camping-bidarray.fr\/english\/mentions-legales\/","name":"Mentions l\u00e9gales - Camping Bidarray english","isPartOf":{"@id":"https:\/\/camping-bidarray.fr\/english\/#website"},"primaryImageOfPage":{"@id":"https:\/\/camping-bidarray.fr\/english\/mentions-legales\/#primaryimage"},"image":{"@id":"https:\/\/camping-bidarray.fr\/english\/mentions-legales\/#primaryimage"},"thumbnailUrl":"https:\/\/www.ur-bizia.com\/wp-content\/uploads\/sites\/8\/2014\/01\/CNIL.gif","datePublished":"2018-02-14T11:43:46+00:00","dateModified":"2023-11-03T10:54:33+00:00","breadcrumb":{"@id":"https:\/\/camping-bidarray.fr\/english\/mentions-legales\/#breadcrumb"},"inLanguage":"en-US","potentialAction":[{"@type":"ReadAction","target":["https:\/\/camping-bidarray.fr\/english\/mentions-legales\/"]}]},{"@type":"ImageObject","inLanguage":"en-US","@id":"https:\/\/camping-bidarray.fr\/english\/mentions-legales\/#primaryimage","url":"https:\/\/www.ur-bizia.com\/wp-content\/uploads\/sites\/8\/2014\/01\/CNIL.gif","contentUrl":"https:\/\/www.ur-bizia.com\/wp-content\/uploads\/sites\/8\/2014\/01\/CNIL.gif"},{"@type":"BreadcrumbList","@id":"https:\/\/camping-bidarray.fr\/english\/mentions-legales\/#breadcrumb","itemListElement":[{"@type":"ListItem","position":1,"name":"Accueil","item":"https:\/\/camping-bidarray.fr\/english\/"},{"@type":"ListItem","position":2,"name":"Mentions l\u00e9gales"}]},{"@type":"WebSite","@id":"https:\/\/camping-bidarray.fr\/english\/#website","url":"https:\/\/camping-bidarray.fr\/english\/","name":"Camping Bidarray english","description":"","potentialAction":[{"@type":"SearchAction","target":{"@type":"EntryPoint","urlTemplate":"https:\/\/camping-bidarray.fr\/english\/?s={search_term_string}"},"query-input":{"@type":"PropertyValueSpecification","valueRequired":true,"valueName":"search_term_string"}}],"inLanguage":"en-US"}]}},"_links":{"self":[{"href":"https:\/\/camping-bidarray.fr\/english\/wp-json\/wp\/v2\/pages\/512","targetHints":{"allow":["GET"]}}],"collection":[{"href":"https:\/\/camping-bidarray.fr\/english\/wp-json\/wp\/v2\/pages"}],"about":[{"href":"https:\/\/camping-bidarray.fr\/english\/wp-json\/wp\/v2\/types\/page"}],"author":[{"embeddable":true,"href":"https:\/\/camping-bidarray.fr\/english\/wp-json\/wp\/v2\/users\/3"}],"replies":[{"embeddable":true,"href":"https:\/\/camping-bidarray.fr\/english\/wp-json\/wp\/v2\/comments?post=512"}],"version-history":[{"count":3,"href":"https:\/\/camping-bidarray.fr\/english\/wp-json\/wp\/v2\/pages\/512\/revisions"}],"predecessor-version":[{"id":1006,"href":"https:\/\/camping-bidarray.fr\/english\/wp-json\/wp\/v2\/pages\/512\/revisions\/1006"}],"wp:attachment":[{"href":"https:\/\/camping-bidarray.fr\/english\/wp-json\/wp\/v2\/media?parent=512"}],"curies":[{"name":"wp","href":"https:\/\/api.w.org\/{rel}","templated":true}]}}